{"id":1280,"date":"2024-06-29T18:21:21","date_gmt":"2024-06-29T18:21:21","guid":{"rendered":"https:\/\/nerdax.com\/?page_id=1280"},"modified":"2024-06-29T18:21:23","modified_gmt":"2024-06-29T18:21:23","slug":"ganhe-dinheiro-com-as-redes-sociais-twitter-e-facebook","status":"publish","type":"page","link":"https:\/\/nerdax.com\/pt\/ganhe-dinheiro-com-as-redes-sociais-twitter-e-facebook\/","title":{"rendered":"Ganhe dinheiro com as redes sociais Twitter e Facebook"},"content":{"rendered":"<h1><strong>Como Ganhar Dinheiro com as Redes Sociais Twitter e Facebook<\/strong><\/h1>\n<p>Hoje em dia, as redes sociais s\u00e3o parte integrante das nossas vidas&#8230; <strong>Facebook, Twitter, Instagram, Snapchat, YouTube<\/strong> voc\u00ea poderia praticamente dizer que \u00e9 a internet hoje. <strong>O tr\u00e2nsito l\u00e1 \u00e9 fenomenal<\/strong> e tamb\u00e9m o leque de oportunidades para ganhar dinheiro. Voc\u00ea definitivamente me v\u00ea chegando com meus tamancos grandes! Sim! Vou falar com voc\u00ea novamente sobre maneiras de ganhar o m\u00e1ximo de dinheiro poss\u00edvel com afilia\u00e7\u00e3o na ind\u00fastria de namoro e usando redes sociais.<\/p>\n<h2><strong>Por que ser afiliado na \u00e1rea de namoro nas redes sociais?<\/strong><\/h2>\n<p>O motivo lhe parecer\u00e1 estranho e certamente o surpreender\u00e1. Na verdade, ao contr\u00e1rio do que acreditamos <strong>\u00e9 realmente muito f\u00e1cil ganhar muito dinheiro na internet atrav\u00e9s das redes sociais<\/strong>. As principais fontes de tr\u00e1fego s\u00e3o Facebook, Instagram e Twitter. Por que \u00e9 simples? Porque conhecemos muito bem o alvo! Sim, o alvo s\u00e3o os homens e assim que eles veem uma garota bonita que potencialmente poder\u00e3o foder, est\u00e3o prontos para qualquer coisa! \u00c9 triste voc\u00ea me dizer? Mas n\u00e3o! \u00c9 uma \u00f3tima maneira de ganhar dinheiro e o dinheiro n\u00e3o tem cheiro :p<\/p>\n<p><strong>Quando voc\u00ea tem os m\u00e9todos certos<\/strong> portanto, \u00e9 muito f\u00e1cil, por exemplo, criar uma conta no Twitter, uma conta no Instagram e uma conta no Facebook de uma garota bonita. Se voc\u00ea fizer o teste e for um pouco esperto vai descobrir que muitos homens v\u00e3o querer te seguir, te seguir e te convidar como amigo. Ent\u00e3o \u00e9 uma d\u00e1diva de Deus, diremos, porque uma vez fisgados, clicar\u00e3o em tudo o que voc\u00ea enviar e \u00e9 a\u00ed que a afilia\u00e7\u00e3o entra em jogo no campo do namoro. Aconselho voc\u00ea a se cadastrar atrav\u00e9s do bot\u00e3o abaixo para criar sua conta na rede de publicidade do dom\u00ednio do encontro:<\/p>\n<p><a href=\"https:\/\/nerdax.com\/y\/prelinker\" target=\"_blank\" rel=\"noopener\"><img decoding=\"async\" class=\"aligncenter wp-image-13 size-full\" src=\"https:\/\/nerdax.com\/wp-content\/uploads\/2017\/11\/inscrivez-vous-en-cliquant-ici.jpg\" alt=\"cadastre-se clicando aqui\" width=\"728\" height=\"90\" srcset=\"https:\/\/nerdax.com\/wp-content\/uploads\/2017\/11\/inscrivez-vous-en-cliquant-ici.jpg 728w, https:\/\/nerdax.com\/wp-content\/uploads\/2017\/11\/inscrivez-vous-en-cliquant-ici-480x59.jpg 480w\" sizes=\"(min-width: 0px) and (max-width: 480px) 480px, (min-width: 481px) 728px, 100vw\" \/><\/a><\/p>\n<p>Uma vez registrado, voc\u00ea ter\u00e1 v\u00e1rios programas para os quais pode promover, nichos <strong>puma<\/strong> Ainda funciona muito bem hoje e acho que nunca vai parar! Alalaaa o famoso <strong><a href=\"https:\/\/fr.wikipedia.org\/wiki\/Complexe_d%27%C5%92dipe\" target=\"_blank\" rel=\"noopener\">Complexo de \u00c9dipo<\/a><\/strong>Sempre gosto muito desse e acho que Freud estava certo e \u00e9 por isso que tantos caras s\u00e3o apaixonados por pumas&#8230; Resumindo! Eu discordo! Vamos voltar ao nosso neg\u00f3cio! Obviamente, n\u00e3o s\u00e3o apenas pumas no ramo de namoro e caber\u00e1 a voc\u00ea fazer suas escolhas e, acima de tudo, fazer algo que pelo menos lhe agrade. h\u00e1 pouco fiz um v\u00eddeo que mostrava como criar uma p\u00e1gina no Facebook que d\u00e1 dinheiro. Saiba que este m\u00e9todo funciona sempre mas aconselho que tenha cuidado com as fotos e acima de tudo que crie uma conta no Facebook especialmente para a ocasi\u00e3o! O mesmo vale para Twitter e Instagram.<\/p>\n<p><strong>Aqui est\u00e1 o v\u00eddeo de um exemplo de p\u00e1gina no Facebook que pode ser realmente muito lucrativa:<\/strong><br \/>\n[youtube https:\/\/www.youtube.com\/watch?v=xzBAs7Drxdg?rel=0]\n<h2><strong>Treine-se para ser eficaz:<\/strong><\/h2>\n<p>Um pequeno conselho, por\u00e9m, se voc\u00ea embarcar na aventura, certamente se perder\u00e1 rapidamente e se far\u00e1 muitas perguntas. <strong>Pessoalmente, cometi muitos erros<\/strong> quando comecei e muitas vezes n\u00e3o tinha muita certeza do que estava fazendo. Ent\u00e3o, <strong>Eu fiz um curso de treinamento que mudou tudo<\/strong> e que me permitiu realmente dar um salto em frente! Esta forma\u00e7\u00e3o abrangente desmistificou realmente todos os aspectos deste neg\u00f3cio e especialmente como se tornar completamente aut\u00f3nomo. A grande vantagem \u00e9 que tamb\u00e9m me ajudou nos meus outros neg\u00f3cios de com\u00e9rcio eletr\u00f3nico porque o conselho \u00e9 aplic\u00e1vel tanto a adultos como ao p\u00fablico em geral! Eu garanto que se voc\u00ea <strong>tome uma atitude<\/strong> e voc\u00ea seguir os conselhos passo a passo voc\u00ea conseguir\u00e1 sair <strong>todo m\u00eas um sal\u00e1rio<\/strong>! Voc\u00ea encontrar\u00e1 dois m\u00f3dulos l\u00e1:<\/p>\n<ul>\n<li>M\u00f3dulo dedicado exclusivamente ao Twitter, aconselho voc\u00ea a come\u00e7ar pelo Twitter na \u00e1rea de namoro. A raz\u00e3o \u00e9 simples: no Twitter eles s\u00e3o muito flex\u00edveis com tudo o que diz respeito aos \u201cAdultos\u201d, ao contr\u00e1rio do Facebook e do Instagram onde \u00e9 preciso ser um pouco mais sutil.<\/li>\n<\/ul>\n<p><a href=\"https:\/\/nerdax.com\/y\/formationtwitter\" target=\"_blank\" rel=\"noopener\"><img decoding=\"async\" class=\"aligncenter size-full wp-image-38\" src=\"https:\/\/nerdax.com\/wp-content\/uploads\/2017\/11\/D%C3%89COUVRIR-LA-FORMATION-TWITTER.jpg\" alt=\"\" width=\"728\" height=\"90\"><\/a><\/p>\n<ul>\n<li>Um M\u00f3dulo dedicado ao Facebook e Instagram, voc\u00ea aprender\u00e1 todos os truques Sioux para criar um personagem verdadeiramente atraente de A a Z, atrair o m\u00e1ximo de tr\u00e1fego e pessoas, monetizar efetivamente seus perfis e acima de tudo evitar ser banido estupidamente aplicando conselhos de uma m\u00eddia social pr\u00f3.<\/li>\n<\/ul>\n<p><a href=\"https:\/\/nerdax.com\/y\/formationfacebookinstagram\" target=\"_blank\" rel=\"noopener\"><img decoding=\"async\" class=\"aligncenter size-full wp-image-39\" src=\"https:\/\/nerdax.com\/wp-content\/uploads\/2017\/11\/D%C3%89COUVRIR-LA-FORMATION-FACEBOOK-INSTAGRAM.jpg\" alt=\"\" width=\"728\" height=\"90\"><\/a><\/p>\n","protected":false},"excerpt":{"rendered":"<p>Como Ganhar Dinheiro com as Redes Sociais Twitter e Facebook Hoje em dia, as redes sociais s\u00e3o parte integrante das nossas vidas&#8230; Facebook, Twitter, Instagram, Snapchat, YouTube voc\u00ea poderia praticamente dizer que \u00e9 a internet hoje. O tr\u00e2nsito l\u00e1 \u00e9 fenomenal e tamb\u00e9m o leque de oportunidades para ganhar dinheiro. Voc\u00ea definitivamente me v\u00ea chegando [&hellip;]<\/p>\n","protected":false},"author":1,"featured_media":37,"parent":0,"menu_order":0,"comment_status":"closed","ping_status":"closed","template":"","meta":{"_seopress_robots_primary_cat":"","_seopress_titles_title":"","_seopress_titles_desc":"","_seopress_robots_index":"","_et_pb_use_builder":"","_et_pb_old_content":"","_et_gb_content_width":"","footnotes":""},"class_list":["post-1280","page","type-page","status-publish","has-post-thumbnail","hentry"],"wppr_data":[],"yoast_head":"<!-- This site is optimized with the Yoast SEO plugin v27.5 - https:\/\/yoast.com\/product\/yoast-seo-wordpress\/ -->\n<title>Ganhe dinheiro com as redes sociais Twitter e Facebook - Nerdax.com<\/title>\n<meta name=\"robots\" content=\"index, follow, max-snippet:-1, max-image-preview:large, max-video-preview:-1\" \/>\n<link rel=\"canonical\" href=\"https:\/\/nerdax.com\/pt\/ganhe-dinheiro-com-as-redes-sociais-twitter-e-facebook\/\" \/>\n<meta property=\"og:locale\" content=\"pt_BR\" \/>\n<meta property=\"og:type\" content=\"article\" \/>\n<meta property=\"og:title\" content=\"Ganhe dinheiro com as redes sociais Twitter e Facebook - Nerdax.com\" \/>\n<meta property=\"og:description\" content=\"Como Ganhar Dinheiro com as Redes Sociais Twitter e Facebook Hoje em dia, as redes sociais s\u00e3o parte integrante das nossas vidas&#8230; Facebook, Twitter, Instagram, Snapchat, YouTube voc\u00ea poderia praticamente dizer que \u00e9 a internet hoje. O tr\u00e2nsito l\u00e1 \u00e9 fenomenal e tamb\u00e9m o leque de oportunidades para ganhar dinheiro. Voc\u00ea definitivamente me v\u00ea chegando [&hellip;]\" \/>\n<meta property=\"og:url\" content=\"https:\/\/nerdax.com\/pt\/ganhe-dinheiro-com-as-redes-sociais-twitter-e-facebook\/\" \/>\n<meta property=\"og:site_name\" content=\"Nerdax.com\" \/>\n<meta property=\"article:modified_time\" content=\"2024-06-29T18:21:23+00:00\" \/>\n<meta property=\"og:image\" content=\"https:\/\/nerdax.com\/wp-content\/uploads\/2017\/11\/Oedipe-social-media-nerdax.com_.jpg\" \/>\n\t<meta property=\"og:image:width\" content=\"1151\" \/>\n\t<meta property=\"og:image:height\" content=\"780\" \/>\n\t<meta property=\"og:image:type\" content=\"image\/jpeg\" \/>\n<meta name=\"twitter:card\" content=\"summary_large_image\" \/>\n<meta name=\"twitter:label1\" content=\"Est. tempo de leitura\" \/>\n\t<meta name=\"twitter:data1\" content=\"4 minutos\" \/>\n<script type=\"application\/ld+json\" class=\"yoast-schema-graph\">{\"@context\":\"https:\\\/\\\/schema.org\",\"@graph\":[{\"@type\":\"WebPage\",\"@id\":\"https:\\\/\\\/nerdax.com\\\/pt\\\/ganhe-dinheiro-com-as-redes-sociais-twitter-e-facebook\\\/\",\"url\":\"https:\\\/\\\/nerdax.com\\\/pt\\\/ganhe-dinheiro-com-as-redes-sociais-twitter-e-facebook\\\/\",\"name\":\"Ganhe dinheiro com as redes sociais Twitter e Facebook - Nerdax.com\",\"isPartOf\":{\"@id\":\"https:\\\/\\\/nerdax.com\\\/pt\\\/#website\"},\"primaryImageOfPage\":{\"@id\":\"https:\\\/\\\/nerdax.com\\\/pt\\\/ganhe-dinheiro-com-as-redes-sociais-twitter-e-facebook\\\/#primaryimage\"},\"image\":{\"@id\":\"https:\\\/\\\/nerdax.com\\\/pt\\\/ganhe-dinheiro-com-as-redes-sociais-twitter-e-facebook\\\/#primaryimage\"},\"thumbnailUrl\":\"https:\\\/\\\/nerdax.com\\\/wp-content\\\/uploads\\\/2017\\\/11\\\/Oedipe-social-media-nerdax.com_.jpg\",\"datePublished\":\"2024-06-29T18:21:21+00:00\",\"dateModified\":\"2024-06-29T18:21:23+00:00\",\"breadcrumb\":{\"@id\":\"https:\\\/\\\/nerdax.com\\\/pt\\\/ganhe-dinheiro-com-as-redes-sociais-twitter-e-facebook\\\/#breadcrumb\"},\"inLanguage\":\"pt-BR\",\"potentialAction\":[{\"@type\":\"ReadAction\",\"target\":[\"https:\\\/\\\/nerdax.com\\\/pt\\\/ganhe-dinheiro-com-as-redes-sociais-twitter-e-facebook\\\/\"]}]},{\"@type\":\"ImageObject\",\"inLanguage\":\"pt-BR\",\"@id\":\"https:\\\/\\\/nerdax.com\\\/pt\\\/ganhe-dinheiro-com-as-redes-sociais-twitter-e-facebook\\\/#primaryimage\",\"url\":\"https:\\\/\\\/nerdax.com\\\/wp-content\\\/uploads\\\/2017\\\/11\\\/Oedipe-social-media-nerdax.com_.jpg\",\"contentUrl\":\"https:\\\/\\\/nerdax.com\\\/wp-content\\\/uploads\\\/2017\\\/11\\\/Oedipe-social-media-nerdax.com_.jpg\",\"width\":1151,\"height\":780},{\"@type\":\"BreadcrumbList\",\"@id\":\"https:\\\/\\\/nerdax.com\\\/pt\\\/ganhe-dinheiro-com-as-redes-sociais-twitter-e-facebook\\\/#breadcrumb\",\"itemListElement\":[{\"@type\":\"ListItem\",\"position\":1,\"name\":\"Home\",\"item\":\"https:\\\/\\\/nerdax.com\\\/pt\\\/\"},{\"@type\":\"ListItem\",\"position\":2,\"name\":\"Ganhe dinheiro com as redes sociais Twitter e Facebook\"}]},{\"@type\":\"WebSite\",\"@id\":\"https:\\\/\\\/nerdax.com\\\/pt\\\/#website\",\"url\":\"https:\\\/\\\/nerdax.com\\\/pt\\\/\",\"name\":\"Nerdax.com\",\"description\":\"Cr\u00e9er un Site Affiliation Adulte, Rencontre, Argent internet\",\"potentialAction\":[{\"@type\":\"SearchAction\",\"target\":{\"@type\":\"EntryPoint\",\"urlTemplate\":\"https:\\\/\\\/nerdax.com\\\/pt\\\/?s={search_term_string}\"},\"query-input\":{\"@type\":\"PropertyValueSpecification\",\"valueRequired\":true,\"valueName\":\"search_term_string\"}}],\"inLanguage\":\"pt-BR\"}]}<\/script>\n<!-- \/ Yoast SEO plugin. -->","yoast_head_json":{"title":"Ganhe dinheiro com as redes sociais Twitter e Facebook - Nerdax.com","robots":{"index":"index","follow":"follow","max-snippet":"max-snippet:-1","max-image-preview":"max-image-preview:large","max-video-preview":"max-video-preview:-1"},"canonical":"https:\/\/nerdax.com\/pt\/ganhe-dinheiro-com-as-redes-sociais-twitter-e-facebook\/","og_locale":"pt_BR","og_type":"article","og_title":"Ganhe dinheiro com as redes sociais Twitter e Facebook - Nerdax.com","og_description":"Como Ganhar Dinheiro com as Redes Sociais Twitter e Facebook Hoje em dia, as redes sociais s\u00e3o parte integrante das nossas vidas&#8230; Facebook, Twitter, Instagram, Snapchat, YouTube voc\u00ea poderia praticamente dizer que \u00e9 a internet hoje. O tr\u00e2nsito l\u00e1 \u00e9 fenomenal e tamb\u00e9m o leque de oportunidades para ganhar dinheiro. Voc\u00ea definitivamente me v\u00ea chegando [&hellip;]","og_url":"https:\/\/nerdax.com\/pt\/ganhe-dinheiro-com-as-redes-sociais-twitter-e-facebook\/","og_site_name":"Nerdax.com","article_modified_time":"2024-06-29T18:21:23+00:00","og_image":[{"width":1151,"height":780,"url":"https:\/\/nerdax.com\/wp-content\/uploads\/2017\/11\/Oedipe-social-media-nerdax.com_.jpg","type":"image\/jpeg"}],"twitter_card":"summary_large_image","twitter_misc":{"Est. tempo de leitura":"4 minutos"},"schema":{"@context":"https:\/\/schema.org","@graph":[{"@type":"WebPage","@id":"https:\/\/nerdax.com\/pt\/ganhe-dinheiro-com-as-redes-sociais-twitter-e-facebook\/","url":"https:\/\/nerdax.com\/pt\/ganhe-dinheiro-com-as-redes-sociais-twitter-e-facebook\/","name":"Ganhe dinheiro com as redes sociais Twitter e Facebook - Nerdax.com","isPartOf":{"@id":"https:\/\/nerdax.com\/pt\/#website"},"primaryImageOfPage":{"@id":"https:\/\/nerdax.com\/pt\/ganhe-dinheiro-com-as-redes-sociais-twitter-e-facebook\/#primaryimage"},"image":{"@id":"https:\/\/nerdax.com\/pt\/ganhe-dinheiro-com-as-redes-sociais-twitter-e-facebook\/#primaryimage"},"thumbnailUrl":"https:\/\/nerdax.com\/wp-content\/uploads\/2017\/11\/Oedipe-social-media-nerdax.com_.jpg","datePublished":"2024-06-29T18:21:21+00:00","dateModified":"2024-06-29T18:21:23+00:00","breadcrumb":{"@id":"https:\/\/nerdax.com\/pt\/ganhe-dinheiro-com-as-redes-sociais-twitter-e-facebook\/#breadcrumb"},"inLanguage":"pt-BR","potentialAction":[{"@type":"ReadAction","target":["https:\/\/nerdax.com\/pt\/ganhe-dinheiro-com-as-redes-sociais-twitter-e-facebook\/"]}]},{"@type":"ImageObject","inLanguage":"pt-BR","@id":"https:\/\/nerdax.com\/pt\/ganhe-dinheiro-com-as-redes-sociais-twitter-e-facebook\/#primaryimage","url":"https:\/\/nerdax.com\/wp-content\/uploads\/2017\/11\/Oedipe-social-media-nerdax.com_.jpg","contentUrl":"https:\/\/nerdax.com\/wp-content\/uploads\/2017\/11\/Oedipe-social-media-nerdax.com_.jpg","width":1151,"height":780},{"@type":"BreadcrumbList","@id":"https:\/\/nerdax.com\/pt\/ganhe-dinheiro-com-as-redes-sociais-twitter-e-facebook\/#breadcrumb","itemListElement":[{"@type":"ListItem","position":1,"name":"Home","item":"https:\/\/nerdax.com\/pt\/"},{"@type":"ListItem","position":2,"name":"Ganhe dinheiro com as redes sociais Twitter e Facebook"}]},{"@type":"WebSite","@id":"https:\/\/nerdax.com\/pt\/#website","url":"https:\/\/nerdax.com\/pt\/","name":"Nerdax.com","description":"Criar um site de afiliados adultos, encontros, dinheiro na Internet","potentialAction":[{"@type":"SearchAction","target":{"@type":"EntryPoint","urlTemplate":"https:\/\/nerdax.com\/pt\/?s={search_term_string}"},"query-input":{"@type":"PropertyValueSpecification","valueRequired":true,"valueName":"search_term_string"}}],"inLanguage":"pt-BR"}]}},"_links":{"self":[{"href":"https:\/\/nerdax.com\/pt\/wp-json\/wp\/v2\/pages\/1280","targetHints":{"allow":["GET"]}}],"collection":[{"href":"https:\/\/nerdax.com\/pt\/wp-json\/wp\/v2\/pages"}],"about":[{"href":"https:\/\/nerdax.com\/pt\/wp-json\/wp\/v2\/types\/page"}],"author":[{"embeddable":true,"href":"https:\/\/nerdax.com\/pt\/wp-json\/wp\/v2\/users\/1"}],"replies":[{"embeddable":true,"href":"https:\/\/nerdax.com\/pt\/wp-json\/wp\/v2\/comments?post=1280"}],"version-history":[{"count":1,"href":"https:\/\/nerdax.com\/pt\/wp-json\/wp\/v2\/pages\/1280\/revisions"}],"predecessor-version":[{"id":1285,"href":"https:\/\/nerdax.com\/pt\/wp-json\/wp\/v2\/pages\/1280\/revisions\/1285"}],"wp:featuredmedia":[{"embeddable":true,"href":"https:\/\/nerdax.com\/pt\/wp-json\/wp\/v2\/media\/37"}],"wp:attachment":[{"href":"https:\/\/nerdax.com\/pt\/wp-json\/wp\/v2\/media?parent=1280"}],"curies":[{"name":"wp","href":"https:\/\/api.w.org\/{rel}","templated":true}]}}