{"id":36,"date":"2017-11-17T17:13:25","date_gmt":"2017-11-17T17:13:25","guid":{"rendered":"https:\/\/nerdax.com\/?page_id=36"},"modified":"2017-11-17T17:15:06","modified_gmt":"2017-11-17T17:15:06","slug":"gagnez-de-largent-avec-les-reseaux-sociaux-twitter-et-facebook","status":"publish","type":"page","link":"https:\/\/nerdax.com\/fr_ca\/gagnez-de-largent-avec-les-reseaux-sociaux-twitter-et-facebook\/","title":{"rendered":"Gagnez de l&rsquo;argent avec les r\u00e9seaux sociaux Twitter et Facebook"},"content":{"rendered":"<h1><strong>Comment Gagnez de l&rsquo;argent avec les r\u00e9seaux sociaux Twitter et Facebook<\/strong><\/h1>\n<p>De nos jours les r\u00e9seaux sociaux font parti int\u00e9grante de nos vies&#8230; <strong>Facebook, Twitter, Instagram, Snapchat, YouTube<\/strong> on peut pratiquement dire que c&rsquo;est l&rsquo;internet aujourd&rsquo;hui. <strong>Le trafic y est ph\u00e9nom\u00e9nal<\/strong> et le champ des opportunit\u00e9s pour faire de l&rsquo;argent l&rsquo;est tout autant. Vous me voyez certainement venir avec mes gros sabots! Oui! Je vais encore vous parler des moyens de gagner un maximum d&rsquo;argent avec l&rsquo;affiliation dans le domaine de la rencontre et en utilisant les r\u00e9seaux sociaux.<\/p>\n<h2><strong>Pourquoi \u00eatre affili\u00e9 dans le domaine de la rencontre sur les r\u00e9seaux sociaux?<\/strong><\/h2>\n<p>La raison va vous para\u00eetre bizarre et va certainement vous surprendre. En effet contrairement \u00e0 ce que l&rsquo;on croit <strong>c&rsquo;est vraiment tr\u00e8s simple de se faire un max d&rsquo;argent sur internet via les r\u00e9seaux sociaux<\/strong>. Les principales sources de trafic \u00e9tant Facebook, Instagram et Twitter. Pourquoi c&rsquo;est simple? Parce que l&rsquo;on connait tr\u00e8s bien la cible! Oui la cible c&rsquo;est les hommes et d\u00e8s qu&rsquo;ils voient une jolie fille qu&rsquo;ils vont potentiellement pouvoir baiser ils sont pr\u00eats \u00e0 tout! C&rsquo;est triste me direz-vous? Mais non! c&rsquo;est un excellent moyen de faire de l&rsquo;argent et l&rsquo;argent na pas d&rsquo;odeur :p<\/p>\n<p><strong>Lorsque l&rsquo;on a les bonnes m\u00e9thodes<\/strong> il est donc tr\u00e8s facile de, par exemple, monter un compte Twitter, un compte Instagram et un compte Facebook d&rsquo;une jolie fille. Si vous faite le test et que vous \u00eates un peu malin vous constaterez que \u00e9norm\u00e9ment d&rsquo;homme vont vouloir vous follow, vous suivre et vous demander en amis. Ensuite c&rsquo;est du pain b\u00e9ni on va dire, car une fois qu&rsquo;ils sont accro il vont cliquer sur tout ce que vous allez leur envoyer et c&rsquo;est la qu&rsquo;intervient l&rsquo;affiliation dans le domaine de la rencontre. Je vous conseille de vous inscrire via le bouton ci-dessous pour cr\u00e9er votre compte sur la r\u00e9gie publicitaire de le domaine de la rencontre:<\/p>\n<p><a href=\"https:\/\/nerdax.com\/y\/prelinker\" target=\"_blank\" rel=\"noopener\"><img decoding=\"async\" class=\"aligncenter wp-image-13 size-full\" src=\"https:\/\/nerdax.com\/wp-content\/uploads\/2017\/11\/inscrivez-vous-en-cliquant-ici.jpg\" alt=\"inscrivez vous en cliquant ici\" width=\"728\" height=\"90\" srcset=\"https:\/\/nerdax.com\/wp-content\/uploads\/2017\/11\/inscrivez-vous-en-cliquant-ici.jpg 728w, https:\/\/nerdax.com\/wp-content\/uploads\/2017\/11\/inscrivez-vous-en-cliquant-ici-480x59.jpg 480w\" sizes=\"(min-width: 0px) and (max-width: 480px) 480px, (min-width: 481px) 728px, 100vw\" \/><\/a><\/p>\n<p>Une fois inscrit vous avez tout un tas de programmes pour lesquels vous pouvez faire la promotion, la niche <strong>cougar<\/strong> fonctionne toujours tr\u00e8s tr\u00e8s bien de nos jours et je pense que \u00e7a ne s\u2019arr\u00eatera jamais! Alalaaa le fameux\u00a0<strong><a href=\"https:\/\/fr.wikipedia.org\/wiki\/Complexe_d%27%C5%92dipe\" target=\"_blank\" rel=\"noopener\">complexe d&rsquo;oedipe<\/a>\u00a0<\/strong>il me r\u00e9gale toujours autant celui la et je pense que Freud avait raison et que c&rsquo;est pour \u00e7a que tant de mecs sont en kif devant les cougars&#8230; Bref! je m&rsquo;\u00e9gare! Revenons \u00e0 notre business! Il n&rsquo;y a pas que les cougars dans le biz de la rencontre \u00e9videmment et ce sera \u00e0 vous de faire vos choix et surtout de faire quelque-chose qui vous plait un minimum. il y a un petit moment j&rsquo;avais fait une vid\u00e9o qui montrait comment cr\u00e9er une page Facebook qui rapporte de l&rsquo;argent. Sachez que cette m\u00e9thode fonctionne toujours mais je vous conseille d\u2019\u00eatre soft sur les photos et surtout de cr\u00e9er un compte Facebook sp\u00e9cialement pour l&rsquo;occasion! Il en va de m\u00eame pour Twitter et Instagram.<\/p>\n<p><strong>Voici la vid\u00e9o d&rsquo;un exemple de page sur Facebook qui peut \u00eatre vraiment tr\u00e8s r\u00e9mun\u00e9ratrice:<\/strong><br \/>\n[youtube https:\/\/www.youtube.com\/watch?v=xzBAs7Drxdg?rel=0]\n<h2><strong>Se former pour \u00eatre efficace:<\/strong><\/h2>\n<p>Petit conseil cependant si vous vous lancez dans l&rsquo;aventure, vous allez tr\u00e8s certainement \u00eatre rapidement perdu et vous allez vous poser beaucoup de questions. <strong>Personnellement, j&rsquo;ai fait beaucoup d&rsquo;erreur<\/strong> lorsque j&rsquo;ai commenc\u00e9 et j&rsquo;\u00e9tais souvent pas tr\u00e8s sur de ce que je faisais. Puis, <strong>j&rsquo;ai suivi une formation qui a tout chang\u00e9<\/strong> et qui m&rsquo;a permis de r\u00e9ellement faire un bon en avant! Cette formation compl\u00e8te a r\u00e9ellement d\u00e9mystifi\u00e9 tous les aspects de ce business et surtout de devenir compl\u00e8tement autonome. L&rsquo;\u00e9norme avantage c&rsquo;est quelle ma aussi aid\u00e9 dans mes autres business de e-commerce car les conseils sont applicable aussi bien dans l&rsquo;adulte que dans le tout public! Je vous garantie que si vous <strong>passez \u00e0 l&rsquo;action<\/strong> et que vous suivez les conseils pas \u00e0 pas vous parviendrez \u00e0 vous sortir <strong>chaque mois un salaire<\/strong>! Vous y trouverez deux modules:<\/p>\n<ul>\n<li>Un module d\u00e9di\u00e9 exclusivement \u00e0 Twitter, je vous conseil de commencer par Twitter dans le domaine de la rencontre. La raison est simple c&rsquo;est que chez Twitter ils sont tr\u00e8s souple avec tout ce qui concerne \u00ab\u00a0l&rsquo;Adulte\u00a0\u00bb contrairement \u00e0 Facebook et Instagram ou il faut \u00eatre un peu plus fin.<\/li>\n<\/ul>\n<p><a href=\"https:\/\/nerdax.com\/y\/formationtwitter\" target=\"_blank\" rel=\"noopener\"><img decoding=\"async\" class=\"aligncenter size-full wp-image-38\" src=\"https:\/\/nerdax.com\/wp-content\/uploads\/2017\/11\/D\u00c9COUVRIR-LA-FORMATION-TWITTER.jpg\" alt=\"\" width=\"728\" height=\"90\" srcset=\"https:\/\/nerdax.com\/wp-content\/uploads\/2017\/11\/D\u00c9COUVRIR-LA-FORMATION-TWITTER.jpg 728w, https:\/\/nerdax.com\/wp-content\/uploads\/2017\/11\/D\u00c9COUVRIR-LA-FORMATION-TWITTER-300x37.jpg 300w, https:\/\/nerdax.com\/wp-content\/uploads\/2017\/11\/D\u00c9COUVRIR-LA-FORMATION-TWITTER-18x2.jpg 18w, https:\/\/nerdax.com\/wp-content\/uploads\/2017\/11\/D\u00c9COUVRIR-LA-FORMATION-TWITTER-50x6.jpg 50w, https:\/\/nerdax.com\/wp-content\/uploads\/2017\/11\/D\u00c9COUVRIR-LA-FORMATION-TWITTER-610x75.jpg 610w, https:\/\/nerdax.com\/wp-content\/uploads\/2017\/11\/D\u00c9COUVRIR-LA-FORMATION-TWITTER-480x59.jpg 480w\" sizes=\"(max-width: 728px) 100vw, 728px\" \/><\/a><\/p>\n<ul>\n<li>Un Module d\u00e9di\u00e9 \u00e0 Facebook et Instagram, vous y apprendrez toutes les ruses de sioux pour cr\u00e9er un personnage de A \u00e0 Z vraiment attractif, attirer un maximum de trafic et de personnes, mon\u00e9tiser efficacement vos profils et surtout \u00e9viter d\u2019\u00eatre bannis b\u00eatement en appliquant de conseils d&rsquo;un pro des r\u00e9seaux sociaux.<\/li>\n<\/ul>\n<p><a href=\"https:\/\/nerdax.com\/y\/formationfacebookinstagram\" target=\"_blank\" rel=\"noopener\"><img decoding=\"async\" class=\"aligncenter size-full wp-image-39\" src=\"https:\/\/nerdax.com\/wp-content\/uploads\/2017\/11\/D\u00c9COUVRIR-LA-FORMATION-FACEBOOK-INSTAGRAM.jpg\" alt=\"\" width=\"728\" height=\"90\" srcset=\"https:\/\/nerdax.com\/wp-content\/uploads\/2017\/11\/D\u00c9COUVRIR-LA-FORMATION-FACEBOOK-INSTAGRAM.jpg 728w, https:\/\/nerdax.com\/wp-content\/uploads\/2017\/11\/D\u00c9COUVRIR-LA-FORMATION-FACEBOOK-INSTAGRAM-300x37.jpg 300w, https:\/\/nerdax.com\/wp-content\/uploads\/2017\/11\/D\u00c9COUVRIR-LA-FORMATION-FACEBOOK-INSTAGRAM-18x2.jpg 18w, https:\/\/nerdax.com\/wp-content\/uploads\/2017\/11\/D\u00c9COUVRIR-LA-FORMATION-FACEBOOK-INSTAGRAM-50x6.jpg 50w, https:\/\/nerdax.com\/wp-content\/uploads\/2017\/11\/D\u00c9COUVRIR-LA-FORMATION-FACEBOOK-INSTAGRAM-610x75.jpg 610w, https:\/\/nerdax.com\/wp-content\/uploads\/2017\/11\/D\u00c9COUVRIR-LA-FORMATION-FACEBOOK-INSTAGRAM-480x59.jpg 480w\" sizes=\"(max-width: 728px) 100vw, 728px\" \/><\/a><\/p>\n","protected":false},"excerpt":{"rendered":"<p>Comment Gagnez de l&rsquo;argent avec les r\u00e9seaux sociaux Twitter et Facebook De nos jours les r\u00e9seaux sociaux font parti int\u00e9grante de nos vies&#8230; Facebook, Twitter, Instagram, Snapchat, YouTube on peut pratiquement dire que c&rsquo;est l&rsquo;internet aujourd&rsquo;hui. Le trafic y est ph\u00e9nom\u00e9nal et le champ des opportunit\u00e9s pour faire de l&rsquo;argent l&rsquo;est tout autant. Vous me [&hellip;]<\/p>\n","protected":false},"author":1,"featured_media":37,"parent":0,"menu_order":0,"comment_status":"closed","ping_status":"closed","template":"","meta":{"_seopress_robots_primary_cat":"","_seopress_titles_title":"","_seopress_titles_desc":"","_seopress_robots_index":"","_et_pb_use_builder":"","_et_pb_old_content":"","_et_gb_content_width":"","footnotes":""},"class_list":["post-36","page","type-page","status-publish","has-post-thumbnail","hentry"],"wppr_data":[],"yoast_head":"<!-- This site is optimized with the Yoast SEO plugin v27.5 - https:\/\/yoast.com\/product\/yoast-seo-wordpress\/ -->\n<title>Gagnez de l&#039;argent avec les r\u00e9seaux sociaux Twitter et Facebook - Nerdax.com<\/title>\n<meta name=\"robots\" content=\"index, follow, max-snippet:-1, max-image-preview:large, max-video-preview:-1\" \/>\n<link rel=\"canonical\" href=\"https:\/\/nerdax.com\/fr_ca\/gagnez-de-largent-avec-les-reseaux-sociaux-twitter-et-facebook\/\" \/>\n<meta property=\"og:locale\" content=\"fr_CA\" \/>\n<meta property=\"og:type\" content=\"article\" \/>\n<meta property=\"og:title\" content=\"Gagnez de l&#039;argent avec les r\u00e9seaux sociaux Twitter et Facebook - Nerdax.com\" \/>\n<meta property=\"og:description\" content=\"Comment Gagnez de l&rsquo;argent avec les r\u00e9seaux sociaux Twitter et Facebook De nos jours les r\u00e9seaux sociaux font parti int\u00e9grante de nos vies&#8230; Facebook, Twitter, Instagram, Snapchat, YouTube on peut pratiquement dire que c&rsquo;est l&rsquo;internet aujourd&rsquo;hui. Le trafic y est ph\u00e9nom\u00e9nal et le champ des opportunit\u00e9s pour faire de l&rsquo;argent l&rsquo;est tout autant. Vous me [&hellip;]\" \/>\n<meta property=\"og:url\" content=\"https:\/\/nerdax.com\/fr_ca\/gagnez-de-largent-avec-les-reseaux-sociaux-twitter-et-facebook\/\" \/>\n<meta property=\"og:site_name\" content=\"Nerdax.com\" \/>\n<meta property=\"article:modified_time\" content=\"2017-11-17T17:15:06+00:00\" \/>\n<meta property=\"og:image\" content=\"https:\/\/i1.wp.com\/nerdax.com\/wp-content\/uploads\/2017\/11\/Oedipe-social-media-nerdax.com_.jpg?fit=1151%2C780&ssl=1\" \/>\n\t<meta property=\"og:image:width\" content=\"1151\" \/>\n\t<meta property=\"og:image:height\" content=\"780\" \/>\n\t<meta property=\"og:image:type\" content=\"image\/jpeg\" \/>\n<meta name=\"twitter:card\" content=\"summary_large_image\" \/>\n<meta name=\"twitter:label1\" content=\"Estimation du temps de lecture\" \/>\n\t<meta name=\"twitter:data1\" content=\"4 minutes\" \/>\n<script type=\"application\/ld+json\" class=\"yoast-schema-graph\">{\"@context\":\"https:\\\/\\\/schema.org\",\"@graph\":[{\"@type\":\"WebPage\",\"@id\":\"https:\\\/\\\/nerdax.com\\\/fr_ca\\\/gagnez-de-largent-avec-les-reseaux-sociaux-twitter-et-facebook\\\/\",\"url\":\"https:\\\/\\\/nerdax.com\\\/fr_ca\\\/gagnez-de-largent-avec-les-reseaux-sociaux-twitter-et-facebook\\\/\",\"name\":\"Gagnez de l'argent avec les r\u00e9seaux sociaux Twitter et Facebook - Nerdax.com\",\"isPartOf\":{\"@id\":\"https:\\\/\\\/nerdax.com\\\/fr_ca\\\/#website\"},\"primaryImageOfPage\":{\"@id\":\"https:\\\/\\\/nerdax.com\\\/fr_ca\\\/gagnez-de-largent-avec-les-reseaux-sociaux-twitter-et-facebook\\\/#primaryimage\"},\"image\":{\"@id\":\"https:\\\/\\\/nerdax.com\\\/fr_ca\\\/gagnez-de-largent-avec-les-reseaux-sociaux-twitter-et-facebook\\\/#primaryimage\"},\"thumbnailUrl\":\"https:\\\/\\\/nerdax.com\\\/wp-content\\\/uploads\\\/2017\\\/11\\\/Oedipe-social-media-nerdax.com_.jpg\",\"datePublished\":\"2017-11-17T17:13:25+00:00\",\"dateModified\":\"2017-11-17T17:15:06+00:00\",\"breadcrumb\":{\"@id\":\"https:\\\/\\\/nerdax.com\\\/fr_ca\\\/gagnez-de-largent-avec-les-reseaux-sociaux-twitter-et-facebook\\\/#breadcrumb\"},\"inLanguage\":\"fr-CA\",\"potentialAction\":[{\"@type\":\"ReadAction\",\"target\":[\"https:\\\/\\\/nerdax.com\\\/fr_ca\\\/gagnez-de-largent-avec-les-reseaux-sociaux-twitter-et-facebook\\\/\"]}]},{\"@type\":\"ImageObject\",\"inLanguage\":\"fr-CA\",\"@id\":\"https:\\\/\\\/nerdax.com\\\/fr_ca\\\/gagnez-de-largent-avec-les-reseaux-sociaux-twitter-et-facebook\\\/#primaryimage\",\"url\":\"https:\\\/\\\/nerdax.com\\\/wp-content\\\/uploads\\\/2017\\\/11\\\/Oedipe-social-media-nerdax.com_.jpg\",\"contentUrl\":\"https:\\\/\\\/nerdax.com\\\/wp-content\\\/uploads\\\/2017\\\/11\\\/Oedipe-social-media-nerdax.com_.jpg\",\"width\":1151,\"height\":780},{\"@type\":\"BreadcrumbList\",\"@id\":\"https:\\\/\\\/nerdax.com\\\/fr_ca\\\/gagnez-de-largent-avec-les-reseaux-sociaux-twitter-et-facebook\\\/#breadcrumb\",\"itemListElement\":[{\"@type\":\"ListItem\",\"position\":1,\"name\":\"Home\",\"item\":\"https:\\\/\\\/nerdax.com\\\/\"},{\"@type\":\"ListItem\",\"position\":2,\"name\":\"Gagnez de l&rsquo;argent avec les r\u00e9seaux sociaux Twitter et Facebook\"}]},{\"@type\":\"WebSite\",\"@id\":\"https:\\\/\\\/nerdax.com\\\/fr_ca\\\/#website\",\"url\":\"https:\\\/\\\/nerdax.com\\\/fr_ca\\\/\",\"name\":\"Nerdax.com\",\"description\":\"Cr\u00e9er un Site Affiliation Adulte, Rencontre, Argent internet\",\"potentialAction\":[{\"@type\":\"SearchAction\",\"target\":{\"@type\":\"EntryPoint\",\"urlTemplate\":\"https:\\\/\\\/nerdax.com\\\/fr_ca\\\/?s={search_term_string}\"},\"query-input\":{\"@type\":\"PropertyValueSpecification\",\"valueRequired\":true,\"valueName\":\"search_term_string\"}}],\"inLanguage\":\"fr-CA\"}]}<\/script>\n<!-- \/ Yoast SEO plugin. -->","yoast_head_json":{"title":"Gagnez de l'argent avec les r\u00e9seaux sociaux Twitter et Facebook - Nerdax.com","robots":{"index":"index","follow":"follow","max-snippet":"max-snippet:-1","max-image-preview":"max-image-preview:large","max-video-preview":"max-video-preview:-1"},"canonical":"https:\/\/nerdax.com\/fr_ca\/gagnez-de-largent-avec-les-reseaux-sociaux-twitter-et-facebook\/","og_locale":"fr_CA","og_type":"article","og_title":"Gagnez de l'argent avec les r\u00e9seaux sociaux Twitter et Facebook - Nerdax.com","og_description":"Comment Gagnez de l&rsquo;argent avec les r\u00e9seaux sociaux Twitter et Facebook De nos jours les r\u00e9seaux sociaux font parti int\u00e9grante de nos vies&#8230; Facebook, Twitter, Instagram, Snapchat, YouTube on peut pratiquement dire que c&rsquo;est l&rsquo;internet aujourd&rsquo;hui. Le trafic y est ph\u00e9nom\u00e9nal et le champ des opportunit\u00e9s pour faire de l&rsquo;argent l&rsquo;est tout autant. Vous me [&hellip;]","og_url":"https:\/\/nerdax.com\/fr_ca\/gagnez-de-largent-avec-les-reseaux-sociaux-twitter-et-facebook\/","og_site_name":"Nerdax.com","article_modified_time":"2017-11-17T17:15:06+00:00","og_image":[{"width":1151,"height":780,"url":"https:\/\/i1.wp.com\/nerdax.com\/wp-content\/uploads\/2017\/11\/Oedipe-social-media-nerdax.com_.jpg?fit=1151%2C780&ssl=1","type":"image\/jpeg"}],"twitter_card":"summary_large_image","twitter_misc":{"Estimation du temps de lecture":"4 minutes"},"schema":{"@context":"https:\/\/schema.org","@graph":[{"@type":"WebPage","@id":"https:\/\/nerdax.com\/fr_ca\/gagnez-de-largent-avec-les-reseaux-sociaux-twitter-et-facebook\/","url":"https:\/\/nerdax.com\/fr_ca\/gagnez-de-largent-avec-les-reseaux-sociaux-twitter-et-facebook\/","name":"Gagnez de l'argent avec les r\u00e9seaux sociaux Twitter et Facebook - Nerdax.com","isPartOf":{"@id":"https:\/\/nerdax.com\/fr_ca\/#website"},"primaryImageOfPage":{"@id":"https:\/\/nerdax.com\/fr_ca\/gagnez-de-largent-avec-les-reseaux-sociaux-twitter-et-facebook\/#primaryimage"},"image":{"@id":"https:\/\/nerdax.com\/fr_ca\/gagnez-de-largent-avec-les-reseaux-sociaux-twitter-et-facebook\/#primaryimage"},"thumbnailUrl":"https:\/\/nerdax.com\/wp-content\/uploads\/2017\/11\/Oedipe-social-media-nerdax.com_.jpg","datePublished":"2017-11-17T17:13:25+00:00","dateModified":"2017-11-17T17:15:06+00:00","breadcrumb":{"@id":"https:\/\/nerdax.com\/fr_ca\/gagnez-de-largent-avec-les-reseaux-sociaux-twitter-et-facebook\/#breadcrumb"},"inLanguage":"fr-CA","potentialAction":[{"@type":"ReadAction","target":["https:\/\/nerdax.com\/fr_ca\/gagnez-de-largent-avec-les-reseaux-sociaux-twitter-et-facebook\/"]}]},{"@type":"ImageObject","inLanguage":"fr-CA","@id":"https:\/\/nerdax.com\/fr_ca\/gagnez-de-largent-avec-les-reseaux-sociaux-twitter-et-facebook\/#primaryimage","url":"https:\/\/nerdax.com\/wp-content\/uploads\/2017\/11\/Oedipe-social-media-nerdax.com_.jpg","contentUrl":"https:\/\/nerdax.com\/wp-content\/uploads\/2017\/11\/Oedipe-social-media-nerdax.com_.jpg","width":1151,"height":780},{"@type":"BreadcrumbList","@id":"https:\/\/nerdax.com\/fr_ca\/gagnez-de-largent-avec-les-reseaux-sociaux-twitter-et-facebook\/#breadcrumb","itemListElement":[{"@type":"ListItem","position":1,"name":"Home","item":"https:\/\/nerdax.com\/"},{"@type":"ListItem","position":2,"name":"Gagnez de l&rsquo;argent avec les r\u00e9seaux sociaux Twitter et Facebook"}]},{"@type":"WebSite","@id":"https:\/\/nerdax.com\/fr_ca\/#website","url":"https:\/\/nerdax.com\/fr_ca\/","name":"Nerdax.com","description":"Cr\u00e9er un Site Affiliation Adulte, Rencontre, Argent internet","potentialAction":[{"@type":"SearchAction","target":{"@type":"EntryPoint","urlTemplate":"https:\/\/nerdax.com\/fr_ca\/?s={search_term_string}"},"query-input":{"@type":"PropertyValueSpecification","valueRequired":true,"valueName":"search_term_string"}}],"inLanguage":"fr-CA"}]}},"_links":{"self":[{"href":"https:\/\/nerdax.com\/fr_ca\/wp-json\/wp\/v2\/pages\/36","targetHints":{"allow":["GET"]}}],"collection":[{"href":"https:\/\/nerdax.com\/fr_ca\/wp-json\/wp\/v2\/pages"}],"about":[{"href":"https:\/\/nerdax.com\/fr_ca\/wp-json\/wp\/v2\/types\/page"}],"author":[{"embeddable":true,"href":"https:\/\/nerdax.com\/fr_ca\/wp-json\/wp\/v2\/users\/1"}],"replies":[{"embeddable":true,"href":"https:\/\/nerdax.com\/fr_ca\/wp-json\/wp\/v2\/comments?post=36"}],"version-history":[{"count":4,"href":"https:\/\/nerdax.com\/fr_ca\/wp-json\/wp\/v2\/pages\/36\/revisions"}],"predecessor-version":[{"id":43,"href":"https:\/\/nerdax.com\/fr_ca\/wp-json\/wp\/v2\/pages\/36\/revisions\/43"}],"wp:featuredmedia":[{"embeddable":true,"href":"https:\/\/nerdax.com\/fr_ca\/wp-json\/wp\/v2\/media\/37"}],"wp:attachment":[{"href":"https:\/\/nerdax.com\/fr_ca\/wp-json\/wp\/v2\/media?parent=36"}],"curies":[{"name":"wp","href":"https:\/\/api.w.org\/{rel}","templated":true}]}}