{"id":1272,"date":"2024-06-29T18:21:17","date_gmt":"2024-06-29T18:21:17","guid":{"rendered":"https:\/\/nerdax.com\/?page_id=1272"},"modified":"2024-06-29T18:21:20","modified_gmt":"2024-06-29T18:21:20","slug":"gana-dinero-con-las-redes-sociales-twitter-y-facebook","status":"publish","type":"page","link":"https:\/\/nerdax.com\/es\/gana-dinero-con-las-redes-sociales-twitter-y-facebook\/","title":{"rendered":"Gana dinero con las redes sociales Twitter y Facebook"},"content":{"rendered":"<h1><strong>C\u00f3mo Ganar Dinero con las Redes Sociales Twitter y Facebook<\/strong><\/h1>\n<p>Hoy en d\u00eda las redes sociales son parte integral de nuestras vidas&#8230; <strong>Facebook, Twitter, Instagram, Snapchat, YouTube<\/strong> Pr\u00e1cticamente se podr\u00eda decir que hoy es Internet. <strong>El tr\u00e1fico all\u00ed es fenomenal.<\/strong> y tambi\u00e9n lo es el alcance de las oportunidades para ganar dinero. \u00a1Definitivamente me ves venir con mis grandes zuecos! \u00a1S\u00ed! Voy a hablar contigo nuevamente sobre formas de ganar la mayor cantidad de dinero posible con la afiliaci\u00f3n en la industria de las citas y el uso de las redes sociales.<\/p>\n<h2><strong>\u00bfPor qu\u00e9 ser afiliado en el \u00e1mbito de las citas en redes sociales?<\/strong><\/h2>\n<p>El motivo te parecer\u00e1 extra\u00f1o y seguro que te sorprender\u00e1. De hecho, al contrario de lo que creemos. <strong>Realmente es muy f\u00e1cil ganar mucho dinero en Internet a trav\u00e9s de las redes sociales.<\/strong>. Las principales fuentes de tr\u00e1fico son Facebook, Instagram y Twitter. \u00bfPor qu\u00e9 es sencillo? \u00a1Porque conocemos muy bien el objetivo! S\u00ed, el objetivo son los hombres y tan pronto como ven a una chica bonita a la que potencialmente podr\u00e1n follar, \u00a1est\u00e1n listos para cualquier cosa! \u00bfEs triste dices? \u00a1Pero no! Es una excelente manera de ganar dinero y el dinero no huele :p<\/p>\n<p><strong>Cuando tienes los m\u00e9todos correctos<\/strong> Por lo tanto, es muy f\u00e1cil, por ejemplo, crear una cuenta de Twitter, una cuenta de Instagram y una cuenta de Facebook de una chica guapa. Si haces la prueba y eres un poco inteligente encontrar\u00e1s que muchos hombres querr\u00e1n seguirte, seguirte y preguntarte como amigos. Entonces es una bendici\u00f3n, diremos, porque una vez que est\u00e1n enganchados, har\u00e1n clic en todo lo que les env\u00edes y ah\u00ed es donde la afiliaci\u00f3n entra en juego en el campo de las citas. Le aconsejo que se registre a trav\u00e9s del siguiente bot\u00f3n para crear su cuenta en la red publicitaria del dominio de la reuni\u00f3n:<\/p>\n<p><a href=\"https:\/\/nerdax.com\/y\/prelinker\" target=\"_blank\" rel=\"noopener\"><img decoding=\"async\" class=\"aligncenter wp-image-13 size-full\" src=\"https:\/\/nerdax.com\/wp-content\/uploads\/2017\/11\/inscrivez-vous-en-cliquant-ici.jpg\" alt=\"reg\u00edstrate haciendo clic aqu\u00ed\" width=\"728\" height=\"90\" srcset=\"https:\/\/nerdax.com\/wp-content\/uploads\/2017\/11\/inscrivez-vous-en-cliquant-ici.jpg 728w, https:\/\/nerdax.com\/wp-content\/uploads\/2017\/11\/inscrivez-vous-en-cliquant-ici-480x59.jpg 480w\" sizes=\"(min-width: 0px) and (max-width: 480px) 480px, (min-width: 481px) 728px, 100vw\" \/><\/a><\/p>\n<p>Una vez registrado, tienes una gran cantidad de programas para los cuales puedes promocionar, nicho <strong>Puma<\/strong> \u00a1Todav\u00eda funciona muy bien hoy y no creo que deje de hacerlo nunca! Alalaaa la famosa <strong><a href=\"https:\/\/fr.wikipedia.org\/wiki\/Complexe_d%27%C5%92dipe\" target=\"_blank\" rel=\"noopener\">complejo de Edipo<\/a><\/strong>Siempre disfruto mucho de este y creo que Freud ten\u00eda raz\u00f3n y es por eso que tantos chicos est\u00e1n enamorados de las pumas&#8230; \u00a1En resumen! \u00a1Estoy divagando! \u00a1Volvamos a nuestro negocio! Obviamente, no se trata solo de pumas en el negocio de las citas y depender\u00e1 de usted tomar sus decisiones y, sobre todo, hacer algo que al menos le agrade. Hace un rato hice un video que mostraba c\u00f3mo crear una p\u00e1gina de Facebook que gane dinero. Sepa que este m\u00e9todo siempre funciona pero le aconsejo que sea cuidadoso con las fotos y sobre todo que cree una cuenta de Facebook especialmente para la ocasi\u00f3n. Lo mismo ocurre con Twitter e Instagram.<\/p>\n<p><strong>Aqu\u00ed ten\u00e9is el v\u00eddeo de un ejemplo de una p\u00e1gina en Facebook que puede ser realmente muy rentable:<\/strong><br \/>\n[youtube https:\/\/www.youtube.com\/watch?v=xzBAs7Drxdg?rel=0]\n<h2><strong>Entr\u00e9nate para ser eficaz:<\/strong><\/h2>\n<p>Un peque\u00f1o consejo, sin embargo, si te lanzas a la aventura, seguramente te perder\u00e1s r\u00e1pidamente y te har\u00e1s muchas preguntas. <strong>Personalmente comet\u00ed muchos errores.<\/strong> cuando comenc\u00e9 y muchas veces no estaba muy seguro de lo que estaba haciendo. Despu\u00e9s, <strong>Segu\u00ed un curso de formaci\u00f3n que lo cambi\u00f3 todo.<\/strong> \u00a1y que me permiti\u00f3 realmente dar un salto adelante! Esta formaci\u00f3n integral realmente ha desmitificado todos los aspectos de este negocio y especialmente c\u00f3mo llegar a ser completamente aut\u00f3nomo. \u00a1La gran ventaja es que tambi\u00e9n me ayud\u00f3 en mis otros negocios de comercio electr\u00f3nico porque los consejos son aplicables tanto para adultos como para el p\u00fablico en general! Te garantizo que si tu <strong>tomar acci\u00f3n<\/strong> y sigues los consejos paso a paso lograras salir <strong>cada mes un salario<\/strong>! All\u00ed encontrar\u00e1 dos m\u00f3dulos:<\/p>\n<ul>\n<li>Un m\u00f3dulo dedicado exclusivamente a Twitter, te aconsejo que empieces con Twitter en el campo de las citas. La raz\u00f3n es sencilla: en Twitter son muy flexibles con todo lo que concierne a \u00ab\u00a0Adultos\u00a0\u00bb a diferencia de Facebook e Instagram donde hay que ser un poco m\u00e1s sutil.<\/li>\n<\/ul>\n<p><a href=\"https:\/\/nerdax.com\/y\/formationtwitter\" target=\"_blank\" rel=\"noopener\"><img decoding=\"async\" class=\"aligncenter size-full wp-image-38\" src=\"https:\/\/nerdax.com\/wp-content\/uploads\/2017\/11\/D%C3%89COUVRIR-LA-FORMATION-TWITTER.jpg\" alt=\"\" width=\"728\" height=\"90\"><\/a><\/p>\n<ul>\n<li>Un m\u00f3dulo dedicado a Facebook e Instagram, aprender\u00e1 todos los trucos sioux para crear un personaje verdaderamente atractivo de la A a la Z, atraer el m\u00e1ximo tr\u00e1fico y personas, monetizar eficazmente sus perfiles y, sobre todo, evitar ser baneado est\u00fapidamente aplicando los consejos de una red social. Pro.<\/li>\n<\/ul>\n<p><a href=\"https:\/\/nerdax.com\/y\/formationfacebookinstagram\" target=\"_blank\" rel=\"noopener\"><img decoding=\"async\" class=\"aligncenter size-full wp-image-39\" src=\"https:\/\/nerdax.com\/wp-content\/uploads\/2017\/11\/D%C3%89COUVRIR-LA-FORMATION-FACEBOOK-INSTAGRAM.jpg\" alt=\"\" width=\"728\" height=\"90\"><\/a><\/p>\n","protected":false},"excerpt":{"rendered":"<p>C\u00f3mo Ganar Dinero con las Redes Sociales Twitter y Facebook Hoy en d\u00eda las redes sociales son parte integral de nuestras vidas&#8230; Facebook, Twitter, Instagram, Snapchat, YouTube Pr\u00e1cticamente se podr\u00eda decir que hoy es Internet. El tr\u00e1fico all\u00ed es fenomenal. y tambi\u00e9n lo es el alcance de las oportunidades para ganar dinero. \u00a1Definitivamente me ves [&hellip;]<\/p>\n","protected":false},"author":1,"featured_media":37,"parent":0,"menu_order":0,"comment_status":"closed","ping_status":"closed","template":"","meta":{"_seopress_robots_primary_cat":"","_seopress_titles_title":"","_seopress_titles_desc":"","_seopress_robots_index":"","_et_pb_use_builder":"","_et_pb_old_content":"","_et_gb_content_width":"","footnotes":""},"class_list":["post-1272","page","type-page","status-publish","has-post-thumbnail","hentry"],"wppr_data":[],"yoast_head":"<!-- This site is optimized with the Yoast SEO plugin v27.5 - https:\/\/yoast.com\/product\/yoast-seo-wordpress\/ -->\n<title>Gana dinero con las redes sociales Twitter y Facebook - Nerdax.com<\/title>\n<meta name=\"robots\" content=\"index, follow, max-snippet:-1, max-image-preview:large, max-video-preview:-1\" \/>\n<link rel=\"canonical\" href=\"https:\/\/nerdax.com\/es\/gana-dinero-con-las-redes-sociales-twitter-y-facebook\/\" \/>\n<meta property=\"og:locale\" content=\"es_ES\" \/>\n<meta property=\"og:type\" content=\"article\" \/>\n<meta property=\"og:title\" content=\"Gana dinero con las redes sociales Twitter y Facebook - Nerdax.com\" \/>\n<meta property=\"og:description\" content=\"C\u00f3mo Ganar Dinero con las Redes Sociales Twitter y Facebook Hoy en d\u00eda las redes sociales son parte integral de nuestras vidas&#8230; Facebook, Twitter, Instagram, Snapchat, YouTube Pr\u00e1cticamente se podr\u00eda decir que hoy es Internet. El tr\u00e1fico all\u00ed es fenomenal. y tambi\u00e9n lo es el alcance de las oportunidades para ganar dinero. \u00a1Definitivamente me ves [&hellip;]\" \/>\n<meta property=\"og:url\" content=\"https:\/\/nerdax.com\/es\/gana-dinero-con-las-redes-sociales-twitter-y-facebook\/\" \/>\n<meta property=\"og:site_name\" content=\"Nerdax.com\" \/>\n<meta property=\"article:modified_time\" content=\"2024-06-29T18:21:20+00:00\" \/>\n<meta property=\"og:image\" content=\"https:\/\/nerdax.com\/wp-content\/uploads\/2017\/11\/Oedipe-social-media-nerdax.com_.jpg\" \/>\n\t<meta property=\"og:image:width\" content=\"1151\" \/>\n\t<meta property=\"og:image:height\" content=\"780\" \/>\n\t<meta property=\"og:image:type\" content=\"image\/jpeg\" \/>\n<meta name=\"twitter:card\" content=\"summary_large_image\" \/>\n<meta name=\"twitter:label1\" content=\"Tiempo de lectura\" \/>\n\t<meta name=\"twitter:data1\" content=\"4 minutos\" \/>\n<script type=\"application\/ld+json\" class=\"yoast-schema-graph\">{\"@context\":\"https:\\\/\\\/schema.org\",\"@graph\":[{\"@type\":\"WebPage\",\"@id\":\"https:\\\/\\\/nerdax.com\\\/es\\\/gana-dinero-con-las-redes-sociales-twitter-y-facebook\\\/\",\"url\":\"https:\\\/\\\/nerdax.com\\\/es\\\/gana-dinero-con-las-redes-sociales-twitter-y-facebook\\\/\",\"name\":\"Gana dinero con las redes sociales Twitter y Facebook - Nerdax.com\",\"isPartOf\":{\"@id\":\"https:\\\/\\\/nerdax.com\\\/es\\\/#website\"},\"primaryImageOfPage\":{\"@id\":\"https:\\\/\\\/nerdax.com\\\/es\\\/gana-dinero-con-las-redes-sociales-twitter-y-facebook\\\/#primaryimage\"},\"image\":{\"@id\":\"https:\\\/\\\/nerdax.com\\\/es\\\/gana-dinero-con-las-redes-sociales-twitter-y-facebook\\\/#primaryimage\"},\"thumbnailUrl\":\"https:\\\/\\\/nerdax.com\\\/wp-content\\\/uploads\\\/2017\\\/11\\\/Oedipe-social-media-nerdax.com_.jpg\",\"datePublished\":\"2024-06-29T18:21:17+00:00\",\"dateModified\":\"2024-06-29T18:21:20+00:00\",\"breadcrumb\":{\"@id\":\"https:\\\/\\\/nerdax.com\\\/es\\\/gana-dinero-con-las-redes-sociales-twitter-y-facebook\\\/#breadcrumb\"},\"inLanguage\":\"es\",\"potentialAction\":[{\"@type\":\"ReadAction\",\"target\":[\"https:\\\/\\\/nerdax.com\\\/es\\\/gana-dinero-con-las-redes-sociales-twitter-y-facebook\\\/\"]}]},{\"@type\":\"ImageObject\",\"inLanguage\":\"es\",\"@id\":\"https:\\\/\\\/nerdax.com\\\/es\\\/gana-dinero-con-las-redes-sociales-twitter-y-facebook\\\/#primaryimage\",\"url\":\"https:\\\/\\\/nerdax.com\\\/wp-content\\\/uploads\\\/2017\\\/11\\\/Oedipe-social-media-nerdax.com_.jpg\",\"contentUrl\":\"https:\\\/\\\/nerdax.com\\\/wp-content\\\/uploads\\\/2017\\\/11\\\/Oedipe-social-media-nerdax.com_.jpg\",\"width\":1151,\"height\":780},{\"@type\":\"BreadcrumbList\",\"@id\":\"https:\\\/\\\/nerdax.com\\\/es\\\/gana-dinero-con-las-redes-sociales-twitter-y-facebook\\\/#breadcrumb\",\"itemListElement\":[{\"@type\":\"ListItem\",\"position\":1,\"name\":\"Home\",\"item\":\"https:\\\/\\\/nerdax.com\\\/es\\\/\"},{\"@type\":\"ListItem\",\"position\":2,\"name\":\"Gana dinero con las redes sociales Twitter y Facebook\"}]},{\"@type\":\"WebSite\",\"@id\":\"https:\\\/\\\/nerdax.com\\\/es\\\/#website\",\"url\":\"https:\\\/\\\/nerdax.com\\\/es\\\/\",\"name\":\"Nerdax.com\",\"description\":\"Cr\u00e9er un Site Affiliation Adulte, Rencontre, Argent internet\",\"potentialAction\":[{\"@type\":\"SearchAction\",\"target\":{\"@type\":\"EntryPoint\",\"urlTemplate\":\"https:\\\/\\\/nerdax.com\\\/es\\\/?s={search_term_string}\"},\"query-input\":{\"@type\":\"PropertyValueSpecification\",\"valueRequired\":true,\"valueName\":\"search_term_string\"}}],\"inLanguage\":\"es\"}]}<\/script>\n<!-- \/ Yoast SEO plugin. -->","yoast_head_json":{"title":"Gana dinero con las redes sociales Twitter y Facebook - Nerdax.com","robots":{"index":"index","follow":"follow","max-snippet":"max-snippet:-1","max-image-preview":"max-image-preview:large","max-video-preview":"max-video-preview:-1"},"canonical":"https:\/\/nerdax.com\/es\/gana-dinero-con-las-redes-sociales-twitter-y-facebook\/","og_locale":"es_ES","og_type":"article","og_title":"Gana dinero con las redes sociales Twitter y Facebook - Nerdax.com","og_description":"C\u00f3mo Ganar Dinero con las Redes Sociales Twitter y Facebook Hoy en d\u00eda las redes sociales son parte integral de nuestras vidas&#8230; Facebook, Twitter, Instagram, Snapchat, YouTube Pr\u00e1cticamente se podr\u00eda decir que hoy es Internet. El tr\u00e1fico all\u00ed es fenomenal. y tambi\u00e9n lo es el alcance de las oportunidades para ganar dinero. \u00a1Definitivamente me ves [&hellip;]","og_url":"https:\/\/nerdax.com\/es\/gana-dinero-con-las-redes-sociales-twitter-y-facebook\/","og_site_name":"Nerdax.com","article_modified_time":"2024-06-29T18:21:20+00:00","og_image":[{"width":1151,"height":780,"url":"https:\/\/nerdax.com\/wp-content\/uploads\/2017\/11\/Oedipe-social-media-nerdax.com_.jpg","type":"image\/jpeg"}],"twitter_card":"summary_large_image","twitter_misc":{"Tiempo de lectura":"4 minutos"},"schema":{"@context":"https:\/\/schema.org","@graph":[{"@type":"WebPage","@id":"https:\/\/nerdax.com\/es\/gana-dinero-con-las-redes-sociales-twitter-y-facebook\/","url":"https:\/\/nerdax.com\/es\/gana-dinero-con-las-redes-sociales-twitter-y-facebook\/","name":"Gana dinero con las redes sociales Twitter y Facebook - Nerdax.com","isPartOf":{"@id":"https:\/\/nerdax.com\/es\/#website"},"primaryImageOfPage":{"@id":"https:\/\/nerdax.com\/es\/gana-dinero-con-las-redes-sociales-twitter-y-facebook\/#primaryimage"},"image":{"@id":"https:\/\/nerdax.com\/es\/gana-dinero-con-las-redes-sociales-twitter-y-facebook\/#primaryimage"},"thumbnailUrl":"https:\/\/nerdax.com\/wp-content\/uploads\/2017\/11\/Oedipe-social-media-nerdax.com_.jpg","datePublished":"2024-06-29T18:21:17+00:00","dateModified":"2024-06-29T18:21:20+00:00","breadcrumb":{"@id":"https:\/\/nerdax.com\/es\/gana-dinero-con-las-redes-sociales-twitter-y-facebook\/#breadcrumb"},"inLanguage":"es","potentialAction":[{"@type":"ReadAction","target":["https:\/\/nerdax.com\/es\/gana-dinero-con-las-redes-sociales-twitter-y-facebook\/"]}]},{"@type":"ImageObject","inLanguage":"es","@id":"https:\/\/nerdax.com\/es\/gana-dinero-con-las-redes-sociales-twitter-y-facebook\/#primaryimage","url":"https:\/\/nerdax.com\/wp-content\/uploads\/2017\/11\/Oedipe-social-media-nerdax.com_.jpg","contentUrl":"https:\/\/nerdax.com\/wp-content\/uploads\/2017\/11\/Oedipe-social-media-nerdax.com_.jpg","width":1151,"height":780},{"@type":"BreadcrumbList","@id":"https:\/\/nerdax.com\/es\/gana-dinero-con-las-redes-sociales-twitter-y-facebook\/#breadcrumb","itemListElement":[{"@type":"ListItem","position":1,"name":"Home","item":"https:\/\/nerdax.com\/es\/"},{"@type":"ListItem","position":2,"name":"Gana dinero con las redes sociales Twitter y Facebook"}]},{"@type":"WebSite","@id":"https:\/\/nerdax.com\/es\/#website","url":"https:\/\/nerdax.com\/es\/","name":"Nerdax.com","description":"Crear un sitio afiliado para adultos, Citas, Dinero en Internet","potentialAction":[{"@type":"SearchAction","target":{"@type":"EntryPoint","urlTemplate":"https:\/\/nerdax.com\/es\/?s={search_term_string}"},"query-input":{"@type":"PropertyValueSpecification","valueRequired":true,"valueName":"search_term_string"}}],"inLanguage":"es"}]}},"_links":{"self":[{"href":"https:\/\/nerdax.com\/es\/wp-json\/wp\/v2\/pages\/1272","targetHints":{"allow":["GET"]}}],"collection":[{"href":"https:\/\/nerdax.com\/es\/wp-json\/wp\/v2\/pages"}],"about":[{"href":"https:\/\/nerdax.com\/es\/wp-json\/wp\/v2\/types\/page"}],"author":[{"embeddable":true,"href":"https:\/\/nerdax.com\/es\/wp-json\/wp\/v2\/users\/1"}],"replies":[{"embeddable":true,"href":"https:\/\/nerdax.com\/es\/wp-json\/wp\/v2\/comments?post=1272"}],"version-history":[{"count":1,"href":"https:\/\/nerdax.com\/es\/wp-json\/wp\/v2\/pages\/1272\/revisions"}],"predecessor-version":[{"id":1278,"href":"https:\/\/nerdax.com\/es\/wp-json\/wp\/v2\/pages\/1272\/revisions\/1278"}],"wp:featuredmedia":[{"embeddable":true,"href":"https:\/\/nerdax.com\/es\/wp-json\/wp\/v2\/media\/37"}],"wp:attachment":[{"href":"https:\/\/nerdax.com\/es\/wp-json\/wp\/v2\/media?parent=1272"}],"curies":[{"name":"wp","href":"https:\/\/api.w.org\/{rel}","templated":true}]}}