{"id":1262,"date":"2024-06-29T18:21:14","date_gmt":"2024-06-29T18:21:14","guid":{"rendered":"https:\/\/nerdax.com\/?page_id=1262"},"modified":"2024-06-29T18:21:17","modified_gmt":"2024-06-29T18:21:17","slug":"verdienen-sie-geld-mit-den-sozialen-netzwerken-twitter-und-facebook","status":"publish","type":"page","link":"https:\/\/nerdax.com\/de\/verdienen-sie-geld-mit-den-sozialen-netzwerken-twitter-und-facebook\/","title":{"rendered":"Verdienen Sie Geld mit den sozialen Netzwerken Twitter und Facebook"},"content":{"rendered":"<h1><strong>So verdienen Sie Geld mit den sozialen Netzwerken Twitter und Facebook<\/strong><\/h1>\n<p>Heutzutage sind soziale Netzwerke ein fester Bestandteil unseres Lebens&#8230; <strong>Facebook, Twitter, Instagram, Snapchat, YouTube<\/strong> Man k\u00f6nnte praktisch sagen, dass es heute das Internet ist. <strong>Der Verkehr dort ist ph\u00e4nomenal<\/strong> und damit auch die M\u00f6glichkeiten, Geld zu verdienen. Du siehst mich auf jeden Fall mit meinen gro\u00dfen Clogs kommen! Ja! Ich werde noch einmal mit Ihnen dar\u00fcber sprechen, wie Sie mit Zugeh\u00f6rigkeit in der Dating-Branche und der Nutzung sozialer Netzwerke m\u00f6glichst viel Geld verdienen k\u00f6nnen.<\/p>\n<h2><strong>Warum ein Affiliate im Bereich Dating in sozialen Netzwerken sein?<\/strong><\/h2>\n<p>Der Grund wird Ihnen seltsam vorkommen und Sie sicherlich \u00fcberraschen. Tats\u00e4chlich im Gegensatz zu dem, was wir glauben <strong>Es ist wirklich sehr einfach, \u00fcber soziale Netzwerke im Internet viel Geld zu verdienen<\/strong>. Die Hauptverkehrsquellen sind Facebook, Instagram und Twitter. Warum ist es einfach? Weil wir das Ziel sehr gut kennen! Ja, das Ziel sind M\u00e4nner, und sobald sie ein h\u00fcbsches M\u00e4dchen sehen, das sie m\u00f6glicherweise ficken k\u00f6nnen, sind sie zu allem bereit! Es ist traurig, sagst du? Aber nein! Es ist eine gro\u00dfartige M\u00f6glichkeit, Geld zu verdienen, und Geld stinkt nicht :p<\/p>\n<p><strong>Wenn Sie die richtigen Methoden haben<\/strong> Es ist daher sehr einfach, beispielsweise einen Twitter-Account, einen Instagram-Account und einen Facebook-Account eines h\u00fcbschen M\u00e4dchens einzurichten. Wenn Sie den Test machen und ein wenig schlau sind, werden Sie feststellen, dass viele M\u00e4nner Ihnen folgen, Ihnen folgen und Sie als Freunde fragen wollen. Dann ist es ein Gl\u00fccksfall, sagen wir, denn sobald sie s\u00fcchtig sind, klicken sie auf alles, was Sie ihnen senden, und hier kommt die Zugeh\u00f6rigkeit im Dating-Bereich ins Spiel. Ich empfehle Ihnen, sich \u00fcber die Schaltfl\u00e4che unten zu registrieren, um Ihr Konto im Werbenetzwerk der Domain \u201emeeting\u201c zu erstellen:<\/p>\n<p><a href=\"https:\/\/nerdax.com\/y\/prelinker\" target=\"_blank\" rel=\"noopener\"><img decoding=\"async\" class=\"aligncenter wp-image-13 size-full\" src=\"https:\/\/nerdax.com\/wp-content\/uploads\/2017\/11\/inscrivez-vous-en-cliquant-ici.jpg\" alt=\"Registrieren Sie sich, indem Sie hier klicken\" width=\"728\" height=\"90\" srcset=\"https:\/\/nerdax.com\/wp-content\/uploads\/2017\/11\/inscrivez-vous-en-cliquant-ici.jpg 728w, https:\/\/nerdax.com\/wp-content\/uploads\/2017\/11\/inscrivez-vous-en-cliquant-ici-480x59.jpg 480w\" sizes=\"(min-width: 0px) and (max-width: 480px) 480px, (min-width: 481px) 728px, 100vw\" \/><\/a><\/p>\n<p>Sobald Sie sich registriert haben, stehen Ihnen eine ganze Reihe von Programmen zur Verf\u00fcgung, f\u00fcr die Sie Werbung machen k\u00f6nnen <strong>Puma<\/strong> Funktioniert heute noch sehr gut und ich glaube nicht, dass es jemals aufh\u00f6ren wird! Alalaaa der Ber\u00fchmte <strong><a href=\"https:\/\/fr.wikipedia.org\/wiki\/Complexe_d%27%C5%92dipe\" target=\"_blank\" rel=\"noopener\">oedipus Komplex<\/a><\/strong>Ich genie\u00dfe dieses Buch immer genauso sehr und ich denke, Freud hatte Recht und deshalb sind so viele M\u00e4nner in Pumas verliebt &#8230; Kurz gesagt! Ich schweife ab! Kommen wir zur\u00fcck zu unserem Gesch\u00e4ft! Offensichtlich gibt es im Dating-Gesch\u00e4ft nicht nur Pumas, und es liegt an Ihnen, Ihre Entscheidungen zu treffen und vor allem etwas zu tun, das Ihnen zumindest gef\u00e4llt. Vor einiger Zeit habe ich ein Video gemacht, das zeigt, wie man eine Facebook-Seite erstellt, mit der man Geld verdient. Wisse, dass diese Methode immer funktioniert, aber ich rate dir, vorsichtig mit den Fotos umzugehen und vor allem ein Facebook-Konto speziell f\u00fcr diesen Anlass zu erstellen! Das Gleiche gilt f\u00fcr Twitter und Instagram.<\/p>\n<p><strong>Hier ist das Video eines Beispiels einer Seite auf Facebook, die wirklich sehr profitabel sein kann:<\/strong><br \/>\n[youtube https:\/\/www.youtube.com\/watch?v=xzBAs7Drxdg?rel=0]\n<h2><strong>Trainieren Sie sich, um effektiv zu sein:<\/strong><\/h2>\n<p>Ein kleiner Tipp: Wenn Sie sich auf das Abenteuer einlassen, werden Sie sich mit Sicherheit schnell verlaufen und sich viele Fragen stellen. <strong>Ich pers\u00f6nlich habe viele Fehler gemacht<\/strong> Als ich anfing, war ich mir oft nicht ganz sicher, was ich tat. Dann, <strong>Ich habe eine Ausbildung absolviert, die alles ver\u00e4ndert hat<\/strong> und das hat mir wirklich einen Sprung nach vorne erm\u00f6glicht! Diese umfassende Ausbildung hat wirklich alle Aspekte dieses Gesch\u00e4fts entmystifiziert und insbesondere, wie man v\u00f6llig autonom wird. Der gro\u00dfe Vorteil ist, dass es mir auch in meinen anderen E-Commerce-Gesch\u00e4ften geholfen hat, weil die Ratschl\u00e4ge sowohl f\u00fcr Erwachsene als auch f\u00fcr die breite \u00d6ffentlichkeit gelten! Das garantiere ich, wenn Sie <strong>Handeln Sie<\/strong> Und wenn Sie die Ratschl\u00e4ge Schritt f\u00fcr Schritt befolgen, werden Sie es schaffen, herauszukommen <strong>jeden Monat ein Gehalt<\/strong>! Dort finden Sie zwei Module:<\/p>\n<ul>\n<li>Als Modul, das ausschlie\u00dflich Twitter gewidmet ist, empfehle ich Ihnen, mit Twitter im Dating-Bereich zu beginnen. Der Grund ist einfach: Bei Twitter ist man bei allem, was \u201eErwachsene\u201c betrifft, sehr flexibel, im Gegensatz zu Facebook und Instagram, wo man etwas subtiler vorgehen muss.<\/li>\n<\/ul>\n<p><a href=\"https:\/\/nerdax.com\/y\/formationtwitter\" target=\"_blank\" rel=\"noopener\"><img decoding=\"async\" class=\"aligncenter size-full wp-image-38\" src=\"https:\/\/nerdax.com\/wp-content\/uploads\/2017\/11\/D%C3%89COUVRIR-LA-FORMATION-TWITTER.jpg\" alt=\"\" width=\"728\" height=\"90\"><\/a><\/p>\n<ul>\n<li>In diesem Modul f\u00fcr Facebook und Instagram lernen Sie alle Sioux-Tricks, um von A bis Z einen wirklich attraktiven Charakter zu erschaffen, maximalen Traffic und maximales Publikum anzulocken, Ihre Profile effektiv zu monetarisieren und vor allem zu vermeiden, dass Sie durch die Anwendung von Ratschl\u00e4gen aus sozialen Medien dummerweise gesperrt werden Profi.<\/li>\n<\/ul>\n<p><a href=\"https:\/\/nerdax.com\/y\/formationfacebookinstagram\" target=\"_blank\" rel=\"noopener\"><img decoding=\"async\" class=\"aligncenter size-full wp-image-39\" src=\"https:\/\/nerdax.com\/wp-content\/uploads\/2017\/11\/D%C3%89COUVRIR-LA-FORMATION-FACEBOOK-INSTAGRAM.jpg\" alt=\"\" width=\"728\" height=\"90\"><\/a><\/p>\n","protected":false},"excerpt":{"rendered":"<p>So verdienen Sie Geld mit den sozialen Netzwerken Twitter und Facebook Heutzutage sind soziale Netzwerke ein fester Bestandteil unseres Lebens&#8230; Facebook, Twitter, Instagram, Snapchat, YouTube Man k\u00f6nnte praktisch sagen, dass es heute das Internet ist. Der Verkehr dort ist ph\u00e4nomenal und damit auch die M\u00f6glichkeiten, Geld zu verdienen. Du siehst mich auf jeden Fall mit [&hellip;]<\/p>\n","protected":false},"author":1,"featured_media":37,"parent":0,"menu_order":0,"comment_status":"closed","ping_status":"closed","template":"","meta":{"_seopress_robots_primary_cat":"","_seopress_titles_title":"","_seopress_titles_desc":"","_seopress_robots_index":"","_et_pb_use_builder":"","_et_pb_old_content":"","_et_gb_content_width":"","footnotes":""},"class_list":["post-1262","page","type-page","status-publish","has-post-thumbnail","hentry"],"wppr_data":[],"yoast_head":"<!-- This site is optimized with the Yoast SEO plugin v27.5 - https:\/\/yoast.com\/product\/yoast-seo-wordpress\/ -->\n<title>Verdienen Sie Geld mit den sozialen Netzwerken Twitter und Facebook - Nerdax.com<\/title>\n<meta name=\"robots\" content=\"index, follow, max-snippet:-1, max-image-preview:large, max-video-preview:-1\" \/>\n<link rel=\"canonical\" href=\"https:\/\/nerdax.com\/de\/verdienen-sie-geld-mit-den-sozialen-netzwerken-twitter-und-facebook\/\" \/>\n<meta property=\"og:locale\" content=\"de_DE\" \/>\n<meta property=\"og:type\" content=\"article\" \/>\n<meta property=\"og:title\" content=\"Verdienen Sie Geld mit den sozialen Netzwerken Twitter und Facebook - Nerdax.com\" \/>\n<meta property=\"og:description\" content=\"So verdienen Sie Geld mit den sozialen Netzwerken Twitter und Facebook Heutzutage sind soziale Netzwerke ein fester Bestandteil unseres Lebens&#8230; Facebook, Twitter, Instagram, Snapchat, YouTube Man k\u00f6nnte praktisch sagen, dass es heute das Internet ist. Der Verkehr dort ist ph\u00e4nomenal und damit auch die M\u00f6glichkeiten, Geld zu verdienen. Du siehst mich auf jeden Fall mit [&hellip;]\" \/>\n<meta property=\"og:url\" content=\"https:\/\/nerdax.com\/de\/verdienen-sie-geld-mit-den-sozialen-netzwerken-twitter-und-facebook\/\" \/>\n<meta property=\"og:site_name\" content=\"Nerdax.com\" \/>\n<meta property=\"article:modified_time\" content=\"2024-06-29T18:21:17+00:00\" \/>\n<meta property=\"og:image\" content=\"https:\/\/nerdax.com\/wp-content\/uploads\/2017\/11\/Oedipe-social-media-nerdax.com_.jpg\" \/>\n\t<meta property=\"og:image:width\" content=\"1151\" \/>\n\t<meta property=\"og:image:height\" content=\"780\" \/>\n\t<meta property=\"og:image:type\" content=\"image\/jpeg\" \/>\n<meta name=\"twitter:card\" content=\"summary_large_image\" \/>\n<meta name=\"twitter:label1\" content=\"Gesch\u00e4tzte Lesezeit\" \/>\n\t<meta name=\"twitter:data1\" content=\"4\u00a0Minuten\" \/>\n<script type=\"application\/ld+json\" class=\"yoast-schema-graph\">{\"@context\":\"https:\\\/\\\/schema.org\",\"@graph\":[{\"@type\":\"WebPage\",\"@id\":\"https:\\\/\\\/nerdax.com\\\/de\\\/verdienen-sie-geld-mit-den-sozialen-netzwerken-twitter-und-facebook\\\/\",\"url\":\"https:\\\/\\\/nerdax.com\\\/de\\\/verdienen-sie-geld-mit-den-sozialen-netzwerken-twitter-und-facebook\\\/\",\"name\":\"Verdienen Sie Geld mit den sozialen Netzwerken Twitter und Facebook - Nerdax.com\",\"isPartOf\":{\"@id\":\"https:\\\/\\\/nerdax.com\\\/de\\\/#website\"},\"primaryImageOfPage\":{\"@id\":\"https:\\\/\\\/nerdax.com\\\/de\\\/verdienen-sie-geld-mit-den-sozialen-netzwerken-twitter-und-facebook\\\/#primaryimage\"},\"image\":{\"@id\":\"https:\\\/\\\/nerdax.com\\\/de\\\/verdienen-sie-geld-mit-den-sozialen-netzwerken-twitter-und-facebook\\\/#primaryimage\"},\"thumbnailUrl\":\"https:\\\/\\\/nerdax.com\\\/wp-content\\\/uploads\\\/2017\\\/11\\\/Oedipe-social-media-nerdax.com_.jpg\",\"datePublished\":\"2024-06-29T18:21:14+00:00\",\"dateModified\":\"2024-06-29T18:21:17+00:00\",\"breadcrumb\":{\"@id\":\"https:\\\/\\\/nerdax.com\\\/de\\\/verdienen-sie-geld-mit-den-sozialen-netzwerken-twitter-und-facebook\\\/#breadcrumb\"},\"inLanguage\":\"de\",\"potentialAction\":[{\"@type\":\"ReadAction\",\"target\":[\"https:\\\/\\\/nerdax.com\\\/de\\\/verdienen-sie-geld-mit-den-sozialen-netzwerken-twitter-und-facebook\\\/\"]}]},{\"@type\":\"ImageObject\",\"inLanguage\":\"de\",\"@id\":\"https:\\\/\\\/nerdax.com\\\/de\\\/verdienen-sie-geld-mit-den-sozialen-netzwerken-twitter-und-facebook\\\/#primaryimage\",\"url\":\"https:\\\/\\\/nerdax.com\\\/wp-content\\\/uploads\\\/2017\\\/11\\\/Oedipe-social-media-nerdax.com_.jpg\",\"contentUrl\":\"https:\\\/\\\/nerdax.com\\\/wp-content\\\/uploads\\\/2017\\\/11\\\/Oedipe-social-media-nerdax.com_.jpg\",\"width\":1151,\"height\":780},{\"@type\":\"BreadcrumbList\",\"@id\":\"https:\\\/\\\/nerdax.com\\\/de\\\/verdienen-sie-geld-mit-den-sozialen-netzwerken-twitter-und-facebook\\\/#breadcrumb\",\"itemListElement\":[{\"@type\":\"ListItem\",\"position\":1,\"name\":\"Home\",\"item\":\"https:\\\/\\\/nerdax.com\\\/de\\\/\"},{\"@type\":\"ListItem\",\"position\":2,\"name\":\"Verdienen Sie Geld mit den sozialen Netzwerken Twitter und Facebook\"}]},{\"@type\":\"WebSite\",\"@id\":\"https:\\\/\\\/nerdax.com\\\/de\\\/#website\",\"url\":\"https:\\\/\\\/nerdax.com\\\/de\\\/\",\"name\":\"Nerdax.com\",\"description\":\"Cr\u00e9er un Site Affiliation Adulte, Rencontre, Argent internet\",\"potentialAction\":[{\"@type\":\"SearchAction\",\"target\":{\"@type\":\"EntryPoint\",\"urlTemplate\":\"https:\\\/\\\/nerdax.com\\\/de\\\/?s={search_term_string}\"},\"query-input\":{\"@type\":\"PropertyValueSpecification\",\"valueRequired\":true,\"valueName\":\"search_term_string\"}}],\"inLanguage\":\"de\"}]}<\/script>\n<!-- \/ Yoast SEO plugin. -->","yoast_head_json":{"title":"Verdienen Sie Geld mit den sozialen Netzwerken Twitter und Facebook - Nerdax.com","robots":{"index":"index","follow":"follow","max-snippet":"max-snippet:-1","max-image-preview":"max-image-preview:large","max-video-preview":"max-video-preview:-1"},"canonical":"https:\/\/nerdax.com\/de\/verdienen-sie-geld-mit-den-sozialen-netzwerken-twitter-und-facebook\/","og_locale":"de_DE","og_type":"article","og_title":"Verdienen Sie Geld mit den sozialen Netzwerken Twitter und Facebook - Nerdax.com","og_description":"So verdienen Sie Geld mit den sozialen Netzwerken Twitter und Facebook Heutzutage sind soziale Netzwerke ein fester Bestandteil unseres Lebens&#8230; Facebook, Twitter, Instagram, Snapchat, YouTube Man k\u00f6nnte praktisch sagen, dass es heute das Internet ist. Der Verkehr dort ist ph\u00e4nomenal und damit auch die M\u00f6glichkeiten, Geld zu verdienen. Du siehst mich auf jeden Fall mit [&hellip;]","og_url":"https:\/\/nerdax.com\/de\/verdienen-sie-geld-mit-den-sozialen-netzwerken-twitter-und-facebook\/","og_site_name":"Nerdax.com","article_modified_time":"2024-06-29T18:21:17+00:00","og_image":[{"width":1151,"height":780,"url":"https:\/\/nerdax.com\/wp-content\/uploads\/2017\/11\/Oedipe-social-media-nerdax.com_.jpg","type":"image\/jpeg"}],"twitter_card":"summary_large_image","twitter_misc":{"Gesch\u00e4tzte Lesezeit":"4\u00a0Minuten"},"schema":{"@context":"https:\/\/schema.org","@graph":[{"@type":"WebPage","@id":"https:\/\/nerdax.com\/de\/verdienen-sie-geld-mit-den-sozialen-netzwerken-twitter-und-facebook\/","url":"https:\/\/nerdax.com\/de\/verdienen-sie-geld-mit-den-sozialen-netzwerken-twitter-und-facebook\/","name":"Verdienen Sie Geld mit den sozialen Netzwerken Twitter und Facebook - Nerdax.com","isPartOf":{"@id":"https:\/\/nerdax.com\/de\/#website"},"primaryImageOfPage":{"@id":"https:\/\/nerdax.com\/de\/verdienen-sie-geld-mit-den-sozialen-netzwerken-twitter-und-facebook\/#primaryimage"},"image":{"@id":"https:\/\/nerdax.com\/de\/verdienen-sie-geld-mit-den-sozialen-netzwerken-twitter-und-facebook\/#primaryimage"},"thumbnailUrl":"https:\/\/nerdax.com\/wp-content\/uploads\/2017\/11\/Oedipe-social-media-nerdax.com_.jpg","datePublished":"2024-06-29T18:21:14+00:00","dateModified":"2024-06-29T18:21:17+00:00","breadcrumb":{"@id":"https:\/\/nerdax.com\/de\/verdienen-sie-geld-mit-den-sozialen-netzwerken-twitter-und-facebook\/#breadcrumb"},"inLanguage":"de","potentialAction":[{"@type":"ReadAction","target":["https:\/\/nerdax.com\/de\/verdienen-sie-geld-mit-den-sozialen-netzwerken-twitter-und-facebook\/"]}]},{"@type":"ImageObject","inLanguage":"de","@id":"https:\/\/nerdax.com\/de\/verdienen-sie-geld-mit-den-sozialen-netzwerken-twitter-und-facebook\/#primaryimage","url":"https:\/\/nerdax.com\/wp-content\/uploads\/2017\/11\/Oedipe-social-media-nerdax.com_.jpg","contentUrl":"https:\/\/nerdax.com\/wp-content\/uploads\/2017\/11\/Oedipe-social-media-nerdax.com_.jpg","width":1151,"height":780},{"@type":"BreadcrumbList","@id":"https:\/\/nerdax.com\/de\/verdienen-sie-geld-mit-den-sozialen-netzwerken-twitter-und-facebook\/#breadcrumb","itemListElement":[{"@type":"ListItem","position":1,"name":"Home","item":"https:\/\/nerdax.com\/de\/"},{"@type":"ListItem","position":2,"name":"Verdienen Sie Geld mit den sozialen Netzwerken Twitter und Facebook"}]},{"@type":"WebSite","@id":"https:\/\/nerdax.com\/de\/#website","url":"https:\/\/nerdax.com\/de\/","name":"Nerdax.com","description":"Erstellen Sie eine Affiliate-Website Erwachsene, Dating, Geld Internet","potentialAction":[{"@type":"SearchAction","target":{"@type":"EntryPoint","urlTemplate":"https:\/\/nerdax.com\/de\/?s={search_term_string}"},"query-input":{"@type":"PropertyValueSpecification","valueRequired":true,"valueName":"search_term_string"}}],"inLanguage":"de"}]}},"_links":{"self":[{"href":"https:\/\/nerdax.com\/de\/wp-json\/wp\/v2\/pages\/1262","targetHints":{"allow":["GET"]}}],"collection":[{"href":"https:\/\/nerdax.com\/de\/wp-json\/wp\/v2\/pages"}],"about":[{"href":"https:\/\/nerdax.com\/de\/wp-json\/wp\/v2\/types\/page"}],"author":[{"embeddable":true,"href":"https:\/\/nerdax.com\/de\/wp-json\/wp\/v2\/users\/1"}],"replies":[{"embeddable":true,"href":"https:\/\/nerdax.com\/de\/wp-json\/wp\/v2\/comments?post=1262"}],"version-history":[{"count":1,"href":"https:\/\/nerdax.com\/de\/wp-json\/wp\/v2\/pages\/1262\/revisions"}],"predecessor-version":[{"id":1270,"href":"https:\/\/nerdax.com\/de\/wp-json\/wp\/v2\/pages\/1262\/revisions\/1270"}],"wp:featuredmedia":[{"embeddable":true,"href":"https:\/\/nerdax.com\/de\/wp-json\/wp\/v2\/media\/37"}],"wp:attachment":[{"href":"https:\/\/nerdax.com\/de\/wp-json\/wp\/v2\/media?parent=1262"}],"curies":[{"name":"wp","href":"https:\/\/api.w.org\/{rel}","templated":true}]}}